{"id":1708,"date":"2022-04-26T15:38:39","date_gmt":"2022-04-26T15:38:39","guid":{"rendered":"https:\/\/mandilla.hu\/?page_id=1708"},"modified":"2025-06-15T12:26:17","modified_gmt":"2025-06-15T12:26:17","slug":"szobaink","status":"publish","type":"page","link":"https:\/\/mandilla.hu\/index.php\/szobaink\/","title":{"rendered":"Szob\u00e1k"},"content":{"rendered":"<p>[vc_row][vc_column][vc_column_text]<\/p>\n<h1 style=\"text-align: center;\">SZOB\u00c1INK<\/h1>\n<p>[\/vc_column_text]<div style=\"background-color:; height: 15px;\" class=\"nicdark_section  \"><\/div>[vc_column_text]A Mandilla Panzi\u00f3ban k\u00e9t tradicion\u00e1lis, \u00e1m minden r\u00e9sz\u00e9ben fel\u00faj\u00edtott \u00e9p\u00fcletben \u00f6sszesen 10 szob\u00e1val v\u00e1rjuk vend\u00e9geinket egy val\u00f3di mediterr\u00e1n, pihentet\u0151 \u00e9s egyben fel\u00f6lt\u0151 kikapcsol\u00f3d\u00e1sra. A vid\u00e9ki st\u00edlus \u00e9s a modernit\u00e1s k\u00fcl\u00f6nleges \u00f6sszj\u00e1t\u00e9k\u00e1val megalkotott szob\u00e1kat minden r\u00e9szlet\u00fckben a vend\u00e9geink v\u00e1ltozatos elv\u00e1r\u00e1sai szerint alkottuk meg.<\/p>\n<p>Hisz\u00fcnk abban, hogy a val\u00f3di \u00e9rt\u00e9k a kis r\u00e9szletek t\u00f6k\u00e9letes harm\u00f3ni\u00e1j\u00e1ban rejlik, ez\u00e9rt a standard szob\u00e1t\u00f3l kezdve a pr\u00e9mium erk\u00e9lyes lakoszt\u00e1lyunkig minden esetben az ig\u00e9nyes, st\u00edlusos \u00e9s a vend\u00e9g legapr\u00f3bb ig\u00e9nyeit is kiszolg\u00e1l\u00f3 megold\u00e1sokban gondolkodtunk. Hiszen a val\u00f3di kikapcsol\u00f3d\u00e1st az jelenti, ha egy idegen helyen is ugyanolyan nyugalomban \u00e9s harm\u00f3ni\u00e1ban tudunk megpihenni, ahogy saj\u00e1t otthonunkban is tenn\u00e9nk.<\/p>\n<p>A Mandill\u00e1ban ennek a szellem\u00e9ben rendezt\u00fck be szob\u00e1inkat \u00e9s alak\u00edtottuk ki a k\u00f6rnyezetet, hogy vend\u00e9geink a n\u00e1lunk t\u00f6lt\u00f6tt id\u0151 alatt ne csak testileg, hanem lelkileg is felt\u00f6lt\u0151djenek. Legyen sz\u00f3 egy meghitt romantikus pihen\u00e9sr\u0151l, vagy egy bar\u00e1ti elvonul\u00e1sr\u00f3l a fest\u0151i Balaton-felvid\u00e9kre, a Mandill\u00e1nak minden \u00e9lethelyzetre \u00e9s v\u00e1ltozatos ig\u00e9nyre van v\u00e1lasza.<\/p>\n<p>Fontos megeml\u00edten\u00fcnk, hogy sz\u00e1ll\u00e1shely\u00fcnk &#8222;adults only&#8221; azaz 14 \u00e9ves kor alatti gyermekeket nem tudunk fogadni \u00e9s sajnos h\u00e1zi\u00e1llatokat sem. \u00c9tterm\u00fcnkre term\u00e9szetesen ez nem vonatkozik. K\u00f6sz\u00f6nj\u00fck meg\u00e9rt\u00e9seteket![\/vc_column_text]<div style=\"background-color:; height: 15px;\" class=\"nicdark_section  \"><\/div>\n\t<div class=\"nd_options_section nd_options_text_align_center\">\n\t<a style=\"border: px solid ; border-radius:px; letter-spacing:px; line-height:px; font-size:px; background-color:#808c70; padding:10px; margin:; color:#ffffff;\" rel=\"\"  href=\"https:\/\/book.mandilla.hu\/foglalas\/kereses\" class=\"nicdark_display_inline_block    light--hover \">SZOBAFOGLAL\u00c1S<\/a>\n\t<\/div>\n<div style=\"background-color:; height: 40px;\" class=\"nicdark_section  \"><\/div>[\/vc_column][\/vc_row][vc_row][vc_column width=&#8221;1\/2&#8243;]\n\n\n  <!--START team-->\n  <div class=\" nd_options_price_team_l4 nd_options_section  nd_options_text_align_center \">\n                                        \n    <!--image-->\n    <div class=\"nd_options_section\">\n        \n        <img decoding=\"async\" alt=\"\" class=\"nd_options_section\" src=\"https:\/\/mandilla.hu\/wp-content\/uploads\/2024\/06\/Mandilla-standard-szoba-1024x683.webp\">\n\n    <\/div>\n    <!--image-->\n\n\n    <div class=\"nd_options_section nd_options_padding_20 nd_options_box_sizing_border_box\">\n    \n        <h2 class=\"nd_options_margin_0_important\"><strong>STANDARD<\/strong><\/h2>\n        <div class=\"nd_options_section nd_options_height_10\"><\/div> \n        <h6 class=\"nd_options_color_grey nd_options_font_size_12 nd_options_text_transform_uppercase nd_options_letter_spacing_3 nd_options_second_font nd_options_font_weight_lighter\">Szob\u00e1k<\/h6>\n        <div class=\"nd_options_section nd_options_height_20\"><\/div> \n        <p class=\"nd_options_margin_0_important\">19.500 Ft-t\u00f3l<\/p>\n        <div class=\"nd_options_section nd_options_height_20\"><\/div> \n        <a rel=\"\" target=\"_self\" class=\"nd_options_margin_0_important nd_options_display_inline_block nd_options_color_grey nd_options_border_1_solid_grey nd_options_first_font nd_options_padding_8_12 nd_options_border_radius_20 nd_options_font_size_13\" href=\"https:\/\/mandilla.hu\/index.php\/szobaink\/standard-szoba\/\">TOV\u00c1BB<\/a>\n\n    <\/div>\n\n  <\/div>\n  <!--END team-->\n\n\n   <div style=\"background-color:; height: 30px;\" class=\"nicdark_section  \"><\/div>\n\n\n  <!--START team-->\n  <div class=\" nd_options_price_team_l4 nd_options_section  nd_options_text_align_center \">\n                                        \n    <!--image-->\n    <div class=\"nd_options_section\">\n        \n        <img decoding=\"async\" alt=\"\" class=\"nd_options_section\" src=\"https:\/\/mandilla.hu\/wp-content\/uploads\/2024\/06\/Mandilla-premium-plus-szoba-1024x683.webp\">\n\n    <\/div>\n    <!--image-->\n\n\n    <div class=\"nd_options_section nd_options_padding_20 nd_options_box_sizing_border_box\">\n    \n        <h2 class=\"nd_options_margin_0_important\"><strong>PR\u00c9MIUM PLUS<\/strong><\/h2>\n        <div class=\"nd_options_section nd_options_height_10\"><\/div> \n        <h6 class=\"nd_options_color_grey nd_options_font_size_12 nd_options_text_transform_uppercase nd_options_letter_spacing_3 nd_options_second_font nd_options_font_weight_lighter\">Szob\u00e1k<\/h6>\n        <div class=\"nd_options_section nd_options_height_20\"><\/div> \n        <p class=\"nd_options_margin_0_important\">21.700 Ft-t\u00f3l<\/p>\n        <div class=\"nd_options_section nd_options_height_20\"><\/div> \n        <a rel=\"\" target=\"_self\" class=\"nd_options_margin_0_important nd_options_display_inline_block nd_options_color_grey nd_options_border_1_solid_grey nd_options_first_font nd_options_padding_8_12 nd_options_border_radius_20 nd_options_font_size_13\" href=\"https:\/\/mandilla.hu\/index.php\/szobaink\/premium-plus-szobak\/\">Tov\u00e1bb<\/a>\n\n    <\/div>\n\n  <\/div>\n  <!--END team-->\n\n\n   <div style=\"background-color:; height: 30px;\" class=\"nicdark_section  \"><\/div>\n\n\n  <!--START team-->\n  <div class=\" nd_options_price_team_l4 nd_options_section  nd_options_text_align_center \">\n                                        \n    <!--image-->\n    <div class=\"nd_options_section\">\n        \n        <img decoding=\"async\" alt=\"\" class=\"nd_options_section\" src=\"https:\/\/mandilla.hu\/wp-content\/uploads\/2024\/06\/Mandilla-deluxe-plus-szoba-1024x683.webp\">\n\n    <\/div>\n    <!--image-->\n\n\n    <div class=\"nd_options_section nd_options_padding_20 nd_options_box_sizing_border_box\">\n    \n        <h2 class=\"nd_options_margin_0_important\"><strong>DELUXE PLUS<\/strong><\/h2>\n        <div class=\"nd_options_section nd_options_height_10\"><\/div> \n        <h6 class=\"nd_options_color_grey nd_options_font_size_12 nd_options_text_transform_uppercase nd_options_letter_spacing_3 nd_options_second_font nd_options_font_weight_lighter\">Szob\u00e1k<\/h6>\n        <div class=\"nd_options_section nd_options_height_20\"><\/div> \n        <p class=\"nd_options_margin_0_important\">23.900 Ft-t\u00f3l<\/p>\n        <div class=\"nd_options_section nd_options_height_20\"><\/div> \n        <a rel=\"\" target=\"_self\" class=\"nd_options_margin_0_important nd_options_display_inline_block nd_options_color_grey nd_options_border_1_solid_grey nd_options_first_font nd_options_padding_8_12 nd_options_border_radius_20 nd_options_font_size_13\" href=\"https:\/\/mandilla.hu\/index.php\/szobaink\/deluxe-plus-szobak\/\">Tov\u00e1bb<\/a>\n\n    <\/div>\n\n  <\/div>\n  <!--END team-->\n\n\n   [\/vc_column][vc_column width=&#8221;1\/2&#8243;]\n\n\n  <!--START team-->\n  <div class=\" nd_options_price_team_l4 nd_options_section  nd_options_text_align_center \">\n                                        \n    <!--image-->\n    <div class=\"nd_options_section\">\n        \n        <img decoding=\"async\" alt=\"\" class=\"nd_options_section\" src=\"https:\/\/mandilla.hu\/wp-content\/uploads\/2024\/06\/Mandilla-premium-szoba-1024x683.webp\">\n\n    <\/div>\n    <!--image-->\n\n\n    <div class=\"nd_options_section nd_options_padding_20 nd_options_box_sizing_border_box\">\n    \n        <h2 class=\"nd_options_margin_0_important\"><strong>PR\u00c9MIUM<\/strong><\/h2>\n        <div class=\"nd_options_section nd_options_height_10\"><\/div> \n        <h6 class=\"nd_options_color_grey nd_options_font_size_12 nd_options_text_transform_uppercase nd_options_letter_spacing_3 nd_options_second_font nd_options_font_weight_lighter\">Szob\u00e1k<\/h6>\n        <div class=\"nd_options_section nd_options_height_20\"><\/div> \n        <p class=\"nd_options_margin_0_important\">21.700 Ft-t\u00f3l<\/p>\n        <div class=\"nd_options_section nd_options_height_20\"><\/div> \n        <a rel=\"\" target=\"_self\" class=\"nd_options_margin_0_important nd_options_display_inline_block nd_options_color_grey nd_options_border_1_solid_grey nd_options_first_font nd_options_padding_8_12 nd_options_border_radius_20 nd_options_font_size_13\" href=\"https:\/\/mandilla.hu\/index.php\/szobaink\/premium-szobak\/\">Tov\u00e1bb<\/a>\n\n    <\/div>\n\n  <\/div>\n  <!--END team-->\n\n\n   <div style=\"background-color:; height: 30px;\" class=\"nicdark_section  \"><\/div>\n\n\n  <!--START team-->\n  <div class=\" nd_options_price_team_l4 nd_options_section  nd_options_text_align_center \">\n                                        \n    <!--image-->\n    <div class=\"nd_options_section\">\n        \n        <img decoding=\"async\" alt=\"\" class=\"nd_options_section\" src=\"https:\/\/mandilla.hu\/wp-content\/uploads\/2024\/06\/Mandilla-deluxe-szoba-1024x683.webp\">\n\n    <\/div>\n    <!--image-->\n\n\n    <div class=\"nd_options_section nd_options_padding_20 nd_options_box_sizing_border_box\">\n    \n        <h2 class=\"nd_options_margin_0_important\"><strong>DELUXE<\/strong><\/h2>\n        <div class=\"nd_options_section nd_options_height_10\"><\/div> \n        <h6 class=\"nd_options_color_grey nd_options_font_size_12 nd_options_text_transform_uppercase nd_options_letter_spacing_3 nd_options_second_font nd_options_font_weight_lighter\">Szob\u00e1k<\/h6>\n        <div class=\"nd_options_section nd_options_height_20\"><\/div> \n        <p class=\"nd_options_margin_0_important\">23.900 Ft-t\u00f3l<\/p>\n        <div class=\"nd_options_section nd_options_height_20\"><\/div> \n        <a rel=\"\" target=\"_self\" class=\"nd_options_margin_0_important nd_options_display_inline_block nd_options_color_grey nd_options_border_1_solid_grey nd_options_first_font nd_options_padding_8_12 nd_options_border_radius_20 nd_options_font_size_13\" href=\"https:\/\/mandilla.hu\/index.php\/szobaink\/deluxe-szoba\/\">Tov\u00e1bb<\/a>\n\n    <\/div>\n\n  <\/div>\n  <!--END team-->\n\n\n   <div style=\"background-color:; height: 30px;\" class=\"nicdark_section  \"><\/div>\n\n\n  <!--START team-->\n  <div class=\" nd_options_price_team_l4 nd_options_section  nd_options_text_align_center \">\n                                        \n    <!--image-->\n    <div class=\"nd_options_section\">\n        \n        <img decoding=\"async\" alt=\"\" class=\"nd_options_section\" src=\"https:\/\/mandilla.hu\/wp-content\/uploads\/2025\/06\/Casa-Piccolo-Mandilla-16-1024x683.jpg\">\n\n    <\/div>\n    <!--image-->\n\n\n    <div class=\"nd_options_section nd_options_padding_20 nd_options_box_sizing_border_box\">\n    \n        <h2 class=\"nd_options_margin_0_important\"><strong>PICCOLA CASA<\/strong><\/h2>\n        <div class=\"nd_options_section nd_options_height_10\"><\/div> \n        <h6 class=\"nd_options_color_grey nd_options_font_size_12 nd_options_text_transform_uppercase nd_options_letter_spacing_3 nd_options_second_font nd_options_font_weight_lighter\">Szoba<\/h6>\n        <div class=\"nd_options_section nd_options_height_20\"><\/div> \n        <p class=\"nd_options_margin_0_important\"><\/p>\n        <div class=\"nd_options_section nd_options_height_20\"><\/div> \n        <a rel=\"\" target=\"_self\" class=\"nd_options_margin_0_important nd_options_display_inline_block nd_options_color_grey nd_options_border_1_solid_grey nd_options_first_font nd_options_padding_8_12 nd_options_border_radius_20 nd_options_font_size_13\" href=\"https:\/\/mandilla.hu\/index.php\/szobaink\/piccola-casa\/\">Tov\u00e1bb<\/a>\n\n    <\/div>\n\n  <\/div>\n  <!--END team-->\n\n\n   [\/vc_column][\/vc_row]<\/p>\n","protected":false},"excerpt":{"rendered":"<p>[vc_row][vc_column][vc_column_text] SZOB\u00c1INK [\/vc_column_text][vc_column_text]A Mandilla Panzi\u00f3ban k\u00e9t tradicion\u00e1lis, \u00e1m minden r\u00e9sz\u00e9ben fel\u00faj\u00edtott \u00e9p\u00fcletben \u00f6sszesen 10 szob\u00e1val v\u00e1rjuk vend\u00e9geinket egy val\u00f3di mediterr\u00e1n, pihentet\u0151 \u00e9s egyben fel\u00f6lt\u0151 kikapcsol\u00f3d\u00e1sra. A vid\u00e9ki st\u00edlus \u00e9s a modernit\u00e1s k\u00fcl\u00f6nleges \u00f6sszj\u00e1t\u00e9k\u00e1val megalkotott szob\u00e1kat minden r\u00e9szlet\u00fckben a vend\u00e9geink v\u00e1ltozatos elv\u00e1r\u00e1sai szerint alkottuk meg. Hisz\u00fcnk abban, hogy a val\u00f3di \u00e9rt\u00e9k a kis r\u00e9szletek t\u00f6k\u00e9letes harm\u00f3ni\u00e1j\u00e1ban [&hellip;]<\/p>\n","protected":false},"author":1,"featured_media":0,"parent":0,"menu_order":0,"comment_status":"closed","ping_status":"closed","template":"","meta":{"inline_featured_image":false,"footnotes":""},"class_list":["post-1708","page","type-page","status-publish","hentry"],"_links":{"self":[{"href":"https:\/\/mandilla.hu\/index.php\/wp-json\/wp\/v2\/pages\/1708","targetHints":{"allow":["GET"]}}],"collection":[{"href":"https:\/\/mandilla.hu\/index.php\/wp-json\/wp\/v2\/pages"}],"about":[{"href":"https:\/\/mandilla.hu\/index.php\/wp-json\/wp\/v2\/types\/page"}],"author":[{"embeddable":true,"href":"https:\/\/mandilla.hu\/index.php\/wp-json\/wp\/v2\/users\/1"}],"replies":[{"embeddable":true,"href":"https:\/\/mandilla.hu\/index.php\/wp-json\/wp\/v2\/comments?post=1708"}],"version-history":[{"count":54,"href":"https:\/\/mandilla.hu\/index.php\/wp-json\/wp\/v2\/pages\/1708\/revisions"}],"predecessor-version":[{"id":4419,"href":"https:\/\/mandilla.hu\/index.php\/wp-json\/wp\/v2\/pages\/1708\/revisions\/4419"}],"wp:attachment":[{"href":"https:\/\/mandilla.hu\/index.php\/wp-json\/wp\/v2\/media?parent=1708"}],"curies":[{"name":"wp","href":"https:\/\/api.w.org\/{rel}","templated":true}]}}