{"id":18,"date":"2017-06-30T09:48:28","date_gmt":"2017-06-30T09:48:28","guid":{"rendered":"http:\/\/www.nicdarkthemes.com\/themes\/hotel\/wp\/demo\/?page_id=18"},"modified":"2023-04-14T13:22:48","modified_gmt":"2023-04-14T13:22:48","slug":"kontaktok","status":"publish","type":"page","link":"https:\/\/mandilla.hu\/index.php\/kontaktok\/","title":{"rendered":"Kontaktok"},"content":{"rendered":"<p>[vc_row][vc_column css=&#8221;.vc_custom_1467214272039{padding-top: 10px !important;padding-bottom: 10px !important;}&#8221;] <h1 style=\"color:#242424; padding:px; text-align:center; font-size:35px; line-height:40px; letter-spacing: 2px; font-weight:lighter;\" class=\"   nd_options_first_font \">KAPCSOLAT<\/h1> <div style=\"background-color:; height: 30px;\" class=\"nicdark_section  \"><\/div>[vc_column_text]<iframe loading=\"lazy\" style=\"border: 0;\" src=\"https:\/\/www.google.com\/maps\/embed?pb=!1m18!1m12!1m3!1d2703.518805382101!2d17.602254883892314!3d46.88216799537828!2m3!1f0!2f0!3f0!3m2!1i1024!2i768!4f13.1!3m3!1m2!1s0x4769a761e7098eab%3A0x4e0383278b0b0ba2!2sMandilla*2A*2A*2A*2A%20Hotel%20%C3%A9s%20%C3%89tterem!5e0!3m2!1shu!2shu!4v1681470326725!5m2!1shu!2shu\" width=\"100%\" height=\"300\" allowfullscreen=\"allowfullscreen\"><\/iframe>[\/vc_column_text]<div style=\"background-color:; height: 25px;\" class=\"nicdark_section  \"><\/div>[\/vc_column][\/vc_row][vc_row][vc_column width=&#8221;1\/2&#8243;][vc_column_text]<\/p>\n<div class=\"nd_options_section nd_options_display_table \">\n<div class=\"nd_options_display_table_cell nd_options_vertical_align_middle nd_options_width_50_percentage nd_options_text_align_left nd_options_padding_10 nd_options_box_sizing_border_box\">\n<ul style=\"color: #242424;\">\n<li>C\u00edm: 8274 K\u00f6vesk\u00e1l, V\u00e1rosk\u00fat utca 2.<\/li>\n<li>E-mail:<a href=\"mailto:info@mandilla.hu\"> info@mandilla.hu<\/a><\/li>\n<\/ul>\n<\/div>\n<\/div>\n<p>[\/vc_column_text][\/vc_column][vc_column width=&#8221;1\/2&#8243;][vc_column_text]<\/p>\n<div class=\"nd_options_section nd_options_display_table \">\n<div class=\"nd_options_display_table_cell nd_options_vertical_align_middle nd_options_width_50_percentage nd_options_text_align_left nd_options_padding_10 nd_options_box_sizing_border_box\">\n<ul style=\"color: #242424;\">\n<li>Recepci\u00f3:<a href=\"tel:+36300114022\"> +36 30 011 4022<\/a> (08:00 &#8211; 20:00)<\/li>\n<li>Asztalfoglal\u00e1s:<a href=\"tel:+36300114024\"> +36 30 011 4024<\/a><\/li>\n<\/ul>\n<\/div>\n<\/div>\n<p>[\/vc_column_text][\/vc_column][\/vc_row]<\/p>\n","protected":false},"excerpt":{"rendered":"<p>[vc_row][vc_column css=&#8221;.vc_custom_1467214272039{padding-top: 10px !important;padding-bottom: 10px !important;}&#8221;][vc_column_text][\/vc_column_text][\/vc_column][\/vc_row][vc_row][vc_column width=&#8221;1\/2&#8243;][vc_column_text] C\u00edm: 8274 K\u00f6vesk\u00e1l, V\u00e1rosk\u00fat utca 2. E-mail: info@mandilla.hu [\/vc_column_text][\/vc_column][vc_column width=&#8221;1\/2&#8243;][vc_column_text] Recepci\u00f3: +36 30 011 4022 (08:00 &#8211; 20:00) Asztalfoglal\u00e1s: +36 30 011 4024 [\/vc_column_text][\/vc_column][\/vc_row]<\/p>\n","protected":false},"author":1,"featured_media":0,"parent":0,"menu_order":0,"comment_status":"closed","ping_status":"closed","template":"","meta":{"inline_featured_image":false,"footnotes":""},"class_list":["post-18","page","type-page","status-publish","hentry"],"_links":{"self":[{"href":"https:\/\/mandilla.hu\/index.php\/wp-json\/wp\/v2\/pages\/18","targetHints":{"allow":["GET"]}}],"collection":[{"href":"https:\/\/mandilla.hu\/index.php\/wp-json\/wp\/v2\/pages"}],"about":[{"href":"https:\/\/mandilla.hu\/index.php\/wp-json\/wp\/v2\/types\/page"}],"author":[{"embeddable":true,"href":"https:\/\/mandilla.hu\/index.php\/wp-json\/wp\/v2\/users\/1"}],"replies":[{"embeddable":true,"href":"https:\/\/mandilla.hu\/index.php\/wp-json\/wp\/v2\/comments?post=18"}],"version-history":[{"count":41,"href":"https:\/\/mandilla.hu\/index.php\/wp-json\/wp\/v2\/pages\/18\/revisions"}],"predecessor-version":[{"id":3296,"href":"https:\/\/mandilla.hu\/index.php\/wp-json\/wp\/v2\/pages\/18\/revisions\/3296"}],"wp:attachment":[{"href":"https:\/\/mandilla.hu\/index.php\/wp-json\/wp\/v2\/media?parent=18"}],"curies":[{"name":"wp","href":"https:\/\/api.w.org\/{rel}","templated":true}]}}