{"id":1830,"date":"2022-04-27T09:38:10","date_gmt":"2022-04-27T09:38:10","guid":{"rendered":"https:\/\/mandilla.hu\/?page_id=1830"},"modified":"2024-04-23T09:58:44","modified_gmt":"2024-04-23T09:58:44","slug":"hazirend","status":"publish","type":"page","link":"https:\/\/mandilla.hu\/index.php\/hazirend\/","title":{"rendered":"H\u00e1zirend"},"content":{"rendered":"<p>[vc_row][vc_column]<div style=\"background-color:; height: 30px;\" class=\"nicdark_section  \"><\/div>[vc_column_text]<\/p>\n<h1 style=\"text-align: center;\">H\u00c1ZIREND<\/h1>\n<p>[\/vc_column_text]<div style=\"background-color:; height: 30px;\" class=\"nicdark_section  \"><\/div>[vc_column_text]Kedves Vend\u00e9geink![\/vc_column_text]<div style=\"background-color:; height: 15px;\" class=\"nicdark_section  \"><\/div>[vc_column_text]<b>T\u00e1j\u00e9koztatjuk \u00d6n\u00f6ket, hogy a \u00a0foglal\u00e1shoz 50% el\u0151leg fizet\u00e9se sz\u00fcks\u00e9ges<\/b>. Az el\u0151leget fizetheti bank- vagy hitelk\u00e1rty\u00e1val, \u00e1tutal\u00e1ssal vagy a foglal\u00e1sban szerepl\u0151 vend\u00e9g nev\u00e9re sz\u00f3l\u00f3 SZ\u00c9P k\u00e1rty\u00e1val. A foglal\u00e1st csak sikeres k\u00e1rtya tranzakci\u00f3, vagy a hat\u00e1rid\u0151ig be\u00e9rkezett el\u0151leg utal\u00e1sa eset\u00e9n tekintj\u00fck \u00e9rv\u00e9nyesnek.[\/vc_column_text]<div style=\"background-color:; height: 15px;\" class=\"nicdark_section  \"><\/div>[vc_column_text]<b>Lemond\u00e1si felt\u00e9telek: f<\/b>oglal\u00e1s\u00e1t 7 nappal \u00e9rkez\u00e9si d\u00e1tum el\u0151ttig szabadon lemondhatja vagy m\u00f3dos\u00edthatja (a m\u00f3dos\u00edt\u00e1s id\u0151pontj\u00e1ban \u00e9rv\u00e9nyes \u00e1rak szerint), ut\u00e1na fizetend\u0151 d\u00edj m\u00e9rt\u00e9ke 1 \u00e9jszaka k\u00f6lts\u00e9ge. A befizetett el\u0151leg, illetve a foglal\u00e1skor megadott k\u00e1rtyaadatok k\u00e9s\u0151i lemond\u00e1s eset\u00e9n is felhaszn\u00e1lhat\u00f3k a k\u00f6tb\u00e9r terhel\u00e9s\u00e9re.[\/vc_column_text]<div style=\"background-color:; height: 15px;\" class=\"nicdark_section  \"><\/div>[vc_column_text]Szob\u00e1inkat az <b>\u00e9rkez\u00e9s napj\u00e1n 15:00 \u2013 20:00 \u00f3ra<\/b> k\u00f6z\u00f6tt tudj\u00e1k \u00e1tvenni.[\/vc_column_text]<div style=\"background-color:; height: 15px;\" class=\"nicdark_section  \"><\/div>[vc_column_text]A bejelentkez\u00e9s idej\u00e9re haszn\u00e1lj\u00e1k a Mandilla, V\u00e1rosk\u00fat utca 2. el\u0151tti <b>parkol\u00f3j\u00e1t<\/b>! Bejelentkez\u00e9st k\u00f6vet\u0151en, k\u00e9rj\u00fck haszn\u00e1lj\u00e1k a Boz\u00f3t utc\u00e1ban (sz\u00e1ll\u00e1shelyt\u0151l 150 m\u00e9terre) tal\u00e1lhat\u00f3 parkol\u00f3nkat.[\/vc_column_text]<div style=\"background-color:; height: 15px;\" class=\"nicdark_section  \"><\/div>[vc_column_text]<b>Sz\u00e1ll\u00f3vend\u00e9geink r\u00e9sz\u00e9re a reggelit\u00a0<\/b>\u00e9tterm\u00fcnkben az al\u00e1bbi id\u0151pontokban szolg\u00e1ljuk fel:<b> 08:00-10:00<\/b>[\/vc_column_text]<div style=\"background-color:; height: 15px;\" class=\"nicdark_section  \"><\/div>[vc_column_text]T\u00e1voz\u00e1s napj\u00e1n k\u00e9rj\u00fck szob\u00e1ikat <b>11:00-ig \u00e1tadni.<br \/>\n<\/b>Kijelentkez\u00e9s ut\u00e1n \u00e9tterm\u00fcnkben, vagy a hozz\u00e1 tartoz\u00f3 kertr\u00e9szben k\u00edn\u00e1lunk lehet\u0151s\u00e9get a tov\u00e1bb maradni k\u00edv\u00e1n\u00f3k sz\u00e1m\u00e1ra.[\/vc_column_text]<div style=\"background-color:; height: 15px;\" class=\"nicdark_section  \"><\/div>[vc_column_text]Kellemes pihen\u00e9st \u00e9s felt\u00f6lt\u0151d\u00e9st k\u00edv\u00e1nunk \u00d6n\u00f6knek a Mandill\u00e1ban.[\/vc_column_text]<div style=\"background-color:; height: 30px;\" class=\"nicdark_section  \"><\/div>[\/vc_column][\/vc_row]<\/p>\n","protected":false},"excerpt":{"rendered":"<p>[vc_row][vc_column][vc_column_text] H\u00c1ZIREND [\/vc_column_text][vc_column_text]Kedves Vend\u00e9geink![\/vc_column_text][vc_column_text]T\u00e1j\u00e9koztatjuk \u00d6n\u00f6ket, hogy a \u00a0foglal\u00e1shoz 50% el\u0151leg fizet\u00e9se sz\u00fcks\u00e9ges. Az el\u0151leget fizetheti bank- vagy hitelk\u00e1rty\u00e1val, \u00e1tutal\u00e1ssal vagy a foglal\u00e1sban szerepl\u0151 vend\u00e9g nev\u00e9re sz\u00f3l\u00f3 SZ\u00c9P k\u00e1rty\u00e1val. A foglal\u00e1st csak sikeres k\u00e1rtya tranzakci\u00f3, vagy a hat\u00e1rid\u0151ig be\u00e9rkezett el\u0151leg utal\u00e1sa eset\u00e9n tekintj\u00fck \u00e9rv\u00e9nyesnek.[\/vc_column_text][vc_column_text]Lemond\u00e1si felt\u00e9telek: foglal\u00e1s\u00e1t 7 nappal \u00e9rkez\u00e9si d\u00e1tum el\u0151ttig szabadon lemondhatja vagy m\u00f3dos\u00edthatja (a [&hellip;]<\/p>\n","protected":false},"author":1,"featured_media":0,"parent":0,"menu_order":0,"comment_status":"closed","ping_status":"closed","template":"","meta":{"inline_featured_image":false,"footnotes":""},"class_list":["post-1830","page","type-page","status-publish","hentry"],"_links":{"self":[{"href":"https:\/\/mandilla.hu\/index.php\/wp-json\/wp\/v2\/pages\/1830","targetHints":{"allow":["GET"]}}],"collection":[{"href":"https:\/\/mandilla.hu\/index.php\/wp-json\/wp\/v2\/pages"}],"about":[{"href":"https:\/\/mandilla.hu\/index.php\/wp-json\/wp\/v2\/types\/page"}],"author":[{"embeddable":true,"href":"https:\/\/mandilla.hu\/index.php\/wp-json\/wp\/v2\/users\/1"}],"replies":[{"embeddable":true,"href":"https:\/\/mandilla.hu\/index.php\/wp-json\/wp\/v2\/comments?post=1830"}],"version-history":[{"count":14,"href":"https:\/\/mandilla.hu\/index.php\/wp-json\/wp\/v2\/pages\/1830\/revisions"}],"predecessor-version":[{"id":3911,"href":"https:\/\/mandilla.hu\/index.php\/wp-json\/wp\/v2\/pages\/1830\/revisions\/3911"}],"wp:attachment":[{"href":"https:\/\/mandilla.hu\/index.php\/wp-json\/wp\/v2\/media?parent=1830"}],"curies":[{"name":"wp","href":"https:\/\/api.w.org\/{rel}","templated":true}]}}