{"id":1900,"date":"2022-04-28T08:00:50","date_gmt":"2022-04-28T08:00:50","guid":{"rendered":"https:\/\/mandilla.hu\/?page_id=1900"},"modified":"2024-06-19T07:40:43","modified_gmt":"2024-06-19T07:40:43","slug":"pool-wellness","status":"publish","type":"page","link":"https:\/\/mandilla.hu\/index.php\/elmenyek\/pool-wellness\/","title":{"rendered":"POOL&#038;WELLNESS"},"content":{"rendered":"<p>[vc_row][vc_column][vc_column_text]<\/p>\n<h1 style=\"text-align: center;\">POOL &amp; WELLNESS<\/h1>\n<p>[\/vc_column_text]<div style=\"background-color:; height: 30px;\" class=\"nicdark_section  \"><\/div>[vc_column_text]Mi a Mandill\u00e1n\u00e1l \u00e9lm\u00e9nyekben gondolkodunk akkor, amikor szolg\u00e1ltat\u00e1saink k\u00edn\u00e1lat\u00e1t \u00e1ll\u00edtjuk \u00f6ssze. Egy relax\u00e1l\u00f3 szaun\u00e1z\u00e1s, egy minden ig\u00e9nyt kiel\u00e9g\u00edt\u0151 sz\u00e1ll\u00e1s sok-sok kellemes eml\u00e9ket hagyhat az emberben, de az igaz\u00e1n eml\u00e9kezetes pillanatokat a feledhetetlen \u00e9lm\u00e9nyek sz\u00fclik csak.<span class=\"Apple-converted-space\">\u00a0<\/span>[\/vc_column_text][\/vc_column][\/vc_row][vc_row][vc_column width=&#8221;1\/2&#8243;]<div style=\"background-color:; height: 35px;\" class=\"nicdark_section  \"><\/div>\n    <div style=\"text-align:center;\" class=\"nd_options_section\">\n      <img decoding=\"async\" alt=\"\" style=\"width:70px;\" class=\" nd_options_margin_0 nd_options_padding_0 \" src=\"https:\/\/mandilla.hu\/wp-content\/uploads\/2017\/07\/icon-14-1.png\">\n    <\/div>\n   <div style=\"background-color:; height: 10px;\" class=\"nicdark_section  \"><\/div> <h4 style=\"color:; padding:px; text-align:center; font-size:px; line-height:px; letter-spacing: px; font-weight:lighter;\" class=\"    \">MEDENCE<\/h4> <div style=\"background-color:; height: 10px;\" class=\"nicdark_section  \"><\/div>[\/vc_column][vc_column width=&#8221;1\/2&#8243;]<div style=\"background-color:; height: 35px;\" class=\"nicdark_section  \"><\/div>\n    <div style=\"text-align:center;\" class=\"nd_options_section\">\n      <img decoding=\"async\" alt=\"\" style=\"width:70px;\" class=\" nd_options_margin_0 nd_options_padding_0 \" src=\"https:\/\/mandilla.hu\/wp-content\/uploads\/2022\/09\/szauna-ikon.png\">\n    <\/div>\n   <div style=\"background-color:; height: 10px;\" class=\"nicdark_section  \"><\/div> <h4 style=\"color:; padding:px; text-align:center; font-size:px; line-height:px; letter-spacing: px; font-weight:lighter;\" class=\"    \">SZAUNA<\/h4> <div style=\"background-color:; height: 10px;\" class=\"nicdark_section  \"><\/div>[\/vc_column][\/vc_row][vc_row][vc_column]<div style=\"background-color:; height: 20px;\" class=\"nicdark_section  \"><\/div>[\/vc_column][\/vc_row][vc_row full_width=&#8221;stretch_row_content&#8221; equal_height=&#8221;yes&#8221; css=&#8221;.vc_custom_1717585184737{padding-right: 15px !important;padding-left: 15px !important;background-color: #808c70 !important;}&#8221;][vc_column width=&#8221;1\/2&#8243;]<div style=\"background-color:; height: 40px;\" class=\"nicdark_section  \"><\/div> <h2 style=\"color:#ffffff; padding:px; text-align:; font-size:px; line-height:px; letter-spacing: px; font-weight:normal;\" class=\"    \">POOL<\/h2> <div style=\"background-color:; height: 20px;\" class=\"nicdark_section  \"><\/div>[vc_column_text]<\/p>\n<p style=\"text-align: left;\"><span style=\"color: #ffffff;\">A teljes ellazul\u00e1s szellem\u00e9ben alak\u00edtottuk ki a k\u00fclt\u00e9ri medenc\u00e9nket, ahol garant\u00e1lt a testi \u00e9s lelki felt\u00f6lt\u0151d\u00e9s. \u00c9lvezd a zen\u00e9vel \u00e9s egy kokt\u00e9llal f\u0171szerezett mediterr\u00e1n hangulatot a nap\u00e1gyainkon!<\/span><\/p>\n<p><span style=\"color: #ffffff;\">A t\u00e9li id\u0151szakban is v\u00e1r a medenc\u00e9nk, mely ilyenkor a szauna ut\u00e1ni mer\u00fcl\u0151 medencek\u00e9nt ny\u00fajt h\u0171s\u00edt\u0151 \u00e9lm\u00e9nyt!<\/span>[\/vc_column_text]<div style=\"background-color:; height: 20px;\" class=\"nicdark_section  \"><\/div> <h2 style=\"color:#ffffff; padding:px; text-align:; font-size:px; line-height:px; letter-spacing: px; font-weight:normal;\" class=\"    \">SZAUNA<\/h2> <div style=\"background-color:; height: 20px;\" class=\"nicdark_section  \"><\/div>[vc_column_text]<span style=\"color: #ffffff;\">Finn szaun\u00e1nk a medence mellett kapott helyet, kil\u00e1t\u00e1ssal a Mandilla gy\u00f6ny\u00f6r\u0171 vir\u00e1gos kertj\u00e9re.<\/span>[\/vc_column_text]<div style=\"background-color:; height: 40px;\" class=\"nicdark_section  \"><\/div>[\/vc_column][vc_column width=&#8221;1\/2&#8243;][vc_masonry_media_grid grid_id=&#8221;vc_gid:1718782739108-ac7a040a-54c2-6&#8243; include=&#8221;4022,4078,4081,4080,4082&#8243; css=&#8221;.vc_custom_1718782840473{padding-top: 5px !important;padding-bottom: 5px !important;}&#8221;][\/vc_column][\/vc_row][vc_row][vc_column]<div style=\"background-color:; height: 50px;\" class=\"nicdark_section  \"><\/div>[\/vc_column][\/vc_row][vc_row][vc_column][vc_column_text]<\/p>\n<h1 style=\"text-align: center;\">MASSZ\u00c1ZS<\/h1>\n<p>[\/vc_column_text]<div style=\"background-color:; height: 30px;\" class=\"nicdark_section  \"><\/div>[vc_column_text]<\/p>\n<p style=\"text-align: center;\">T\u00f6lt\u0151dj fel egy kellemes massz\u00e1zzsal a Mandill\u00e1ban! Ak\u00e1r n\u00e1lunk t\u00f6lt\u00f6d az \u00e9jszak\u00e1t, ak\u00e1r csak a k\u00f6rny\u00e9ken j\u00e1rsz, t\u00e9rj be hozz\u00e1nk \u00e9s friss\u00fclj fel.\u00a0Profi massz\u0151r\u00fcnk minden nap v\u00e1r!<\/p>\n<p>[\/vc_column_text]<div style=\"background-color:; height: 25px;\" class=\"nicdark_section  \"><\/div>[vc_column_text]<\/p>\n<h4 style=\"text-align: center;\">A k\u00f6vetkez\u0151 massz\u00e1zsokkal v\u00e1runk Titeket:<\/h4>\n<ul>\n<li style=\"text-align: center;\"><span style=\"color: #333333;\">H\u00e1tmassz\u00e1zs | 25 perc | 8.800,-<\/span><\/li>\n<li style=\"text-align: center;\"><span style=\"color: #333333;\">Talpmassz\u00e1zs | 25 perc | 8.800,-<\/span><\/li>\n<li style=\"text-align: center;\"><span style=\"color: #333333;\">Testmassz\u00e1zs | 50 perc | 12.800,-<\/span><\/li>\n<li style=\"text-align: center;\"><span style=\"color: #333333;\">L\u00e1vak\u00f6ves massz\u00e1zs | 50 perc | 12.800,-<\/span><\/li>\n<li style=\"text-align: center;\"><span style=\"color: #333333;\">Test-, Fej-, Talpmassz\u00e1zs | 90 perc | 18.800,-<\/span><\/li>\n<\/ul>\n<p>[\/vc_column_text]<div style=\"background-color:; height: 15px;\" class=\"nicdark_section  \"><\/div>\n\t<div class=\"nd_options_section nd_options_text_align_center\">\n\t<a style=\"border: px solid ; border-radius:px; letter-spacing:px; line-height:px; font-size:px; background-color:#808c70; padding:8px 12px; margin:; color:#ffffff;\" rel=\"\"  href=\"tel:+36300114022\" class=\"nicdark_display_inline_block    light--hover \">ID\u0150PONTFOGLAL\u00c1S & INFORM\u00c1CI\u00d3<\/a>\n\t<\/div>\n<div style=\"background-color:; height: 20px;\" class=\"nicdark_section  \"><\/div>[\/vc_column][\/vc_row][vc_row full_width=&#8221;stretch_row_content&#8221; parallax=&#8221;content-moving&#8221; parallax_image=&#8221;4100&#8243;][vc_column]<div style=\"background-color:; height: 350px;\" class=\"nicdark_section  \"><\/div>[\/vc_column][\/vc_row][vc_row full_width=&#8221;stretch_row_content&#8221; css=&#8221;.vc_custom_1717585320627{padding-top: 25px !important;padding-right: 20px !important;padding-bottom: 25px !important;padding-left: 20px !important;background-color: #808c70 !important;}&#8221;][vc_column parallax=&#8221;content-moving&#8221; parallax_image=&#8221;2392&#8243; width=&#8221;1\/2&#8243;]<div style=\"background-color:; height: 200px;\" class=\"nicdark_section  \"><\/div>\n\t<div class=\"nd_options_section nd_options_text_align_center\">\n\t<a style=\"border: px solid ; border-radius:px; letter-spacing:px; line-height:px; font-size:px; background-color:#ffffff; padding:15px 35px; margin:; color:#685045;\" rel=\"\"  href=\"https:\/\/mandilla.hu\/index.php\/szobaink\/\" class=\"nicdark_display_inline_block    brown--hover \">SZOB\u00c1INK<\/a>\n\t<\/div>\n<div style=\"background-color:; height: 200px;\" class=\"nicdark_section  \"><\/div>[\/vc_column][vc_column parallax=&#8221;content-moving&#8221; parallax_image=&#8221;2398&#8243; width=&#8221;1\/2&#8243;]<div style=\"background-color:; height: 200px;\" class=\"nicdark_section  \"><\/div>\n\t<div class=\"nd_options_section nd_options_text_align_center\">\n\t<a style=\"border: px solid ; border-radius:px; letter-spacing:px; line-height:px; font-size:px; background-color:#ffffff; padding:15px 35px; margin:; color:#685045;\" rel=\"\"  href=\"https:\/\/mandilla.hu\/index.php\/etterem\/\" class=\"nicdark_display_inline_block    brown--hover \">\u00c9TTEREM<\/a>\n\t<\/div>\n<div style=\"background-color:; height: 200px;\" class=\"nicdark_section  \"><\/div>[\/vc_column][\/vc_row]<\/p>\n","protected":false},"excerpt":{"rendered":"<p>[vc_row][vc_column][vc_column_text] POOL &amp; WELLNESS [\/vc_column_text][vc_column_text]Mi a Mandill\u00e1n\u00e1l \u00e9lm\u00e9nyekben gondolkodunk akkor, amikor szolg\u00e1ltat\u00e1saink k\u00edn\u00e1lat\u00e1t \u00e1ll\u00edtjuk \u00f6ssze. Egy relax\u00e1l\u00f3 szaun\u00e1z\u00e1s, egy minden ig\u00e9nyt kiel\u00e9g\u00edt\u0151 sz\u00e1ll\u00e1s sok-sok kellemes eml\u00e9ket hagyhat az emberben, de az igaz\u00e1n eml\u00e9kezetes pillanatokat a feledhetetlen \u00e9lm\u00e9nyek sz\u00fclik csak.\u00a0[\/vc_column_text][\/vc_column][\/vc_row][vc_row][vc_column width=&#8221;1\/2&#8243;][\/vc_column][vc_column width=&#8221;1\/2&#8243;][\/vc_column][\/vc_row][vc_row][vc_column][\/vc_column][\/vc_row][vc_row full_width=&#8221;stretch_row_content&#8221; equal_height=&#8221;yes&#8221; css=&#8221;.vc_custom_1717585184737{padding-right: 15px !important;padding-left: 15px !important;background-color: #808c70 !important;}&#8221;][vc_column width=&#8221;1\/2&#8243;][vc_column_text] A teljes ellazul\u00e1s szellem\u00e9ben [&hellip;]<\/p>\n","protected":false},"author":1,"featured_media":0,"parent":1898,"menu_order":0,"comment_status":"closed","ping_status":"closed","template":"","meta":{"inline_featured_image":false,"footnotes":""},"class_list":["post-1900","page","type-page","status-publish","hentry"],"_links":{"self":[{"href":"https:\/\/mandilla.hu\/index.php\/wp-json\/wp\/v2\/pages\/1900","targetHints":{"allow":["GET"]}}],"collection":[{"href":"https:\/\/mandilla.hu\/index.php\/wp-json\/wp\/v2\/pages"}],"about":[{"href":"https:\/\/mandilla.hu\/index.php\/wp-json\/wp\/v2\/types\/page"}],"author":[{"embeddable":true,"href":"https:\/\/mandilla.hu\/index.php\/wp-json\/wp\/v2\/users\/1"}],"replies":[{"embeddable":true,"href":"https:\/\/mandilla.hu\/index.php\/wp-json\/wp\/v2\/comments?post=1900"}],"version-history":[{"count":95,"href":"https:\/\/mandilla.hu\/index.php\/wp-json\/wp\/v2\/pages\/1900\/revisions"}],"predecessor-version":[{"id":4187,"href":"https:\/\/mandilla.hu\/index.php\/wp-json\/wp\/v2\/pages\/1900\/revisions\/4187"}],"up":[{"embeddable":true,"href":"https:\/\/mandilla.hu\/index.php\/wp-json\/wp\/v2\/pages\/1898"}],"wp:attachment":[{"href":"https:\/\/mandilla.hu\/index.php\/wp-json\/wp\/v2\/media?parent=1900"}],"curies":[{"name":"wp","href":"https:\/\/api.w.org\/{rel}","templated":true}]}}