{"id":1931,"date":"2022-04-28T08:43:22","date_gmt":"2022-04-28T08:43:22","guid":{"rendered":"https:\/\/mandilla.hu\/?page_id=1931"},"modified":"2023-04-14T14:00:43","modified_gmt":"2023-04-14T14:00:43","slug":"fozoiskola","status":"publish","type":"page","link":"https:\/\/mandilla.hu\/index.php\/elmenyek\/fozoiskola\/","title":{"rendered":"F\u0150Z\u0150ISKOLA"},"content":{"rendered":"<p>[vc_row][vc_column][vc_column_text]<\/p>\n<h1 style=\"text-align: center;\">F\u0150Z\u0150ISKOLA<\/h1>\n<p>[\/vc_column_text]<div style=\"background-color:; height: 30px;\" class=\"nicdark_section  \"><\/div>[vc_column_text]Mi a Mandill\u00e1n\u00e1l \u00e9lm\u00e9nyekben gondolkodunk akkor, amikor szolg\u00e1ltat\u00e1saink k\u00edn\u00e1lat\u00e1t \u00e1ll\u00edtjuk \u00f6ssze. Egy \u00ednycsiklandoz\u00f3 vacsora, egy minden ig\u00e9nyt kiel\u00e9g\u00edt\u0151 sz\u00e1ll\u00e1s sok-sok kellemes eml\u00e9ket hagyhat az emberben, de az igaz\u00e1n eml\u00e9kezetes pillanatokat a feledhetetlen \u00e9lm\u00e9nyek sz\u00fclik csak.<span class=\"Apple-converted-space\">\u00a0<\/span>[\/vc_column_text]<div style=\"background-color:; height: 35px;\" class=\"nicdark_section  \"><\/div>[\/vc_column][\/vc_row][vc_row full_width=&#8221;stretch_row&#8221; equal_height=&#8221;yes&#8221; css=&#8221;.vc_custom_1651133911692{background-color: #75635a !important;}&#8221;][vc_column width=&#8221;1\/2&#8243;]<div style=\"background-color:; height: 40px;\" class=\"nicdark_section  \"><\/div>[vc_column_text]<span style=\"color: #ffffff;\">Mi tudn\u00e1 jobban \u00f6sszekov\u00e1csolni az embereket, mint egy k\u00f6z\u00f6s f\u0151z\u00e9s \u00e9lm\u00e9nye? Amikor nem csak egymagunk s\u00fcrg\u00fcnk \u00e9s forgunk a konyhapult el\u0151tt, hogy kez\u00fcnk al\u00f3l valami \u00ednyencs\u00e9g ker\u00fclj\u00f6n ki, hanem k\u00f6z\u00f6sen \u00e9lj\u00fck meg azt, amikor a k\u00fcl\u00f6nb\u00f6z\u0151 alapanyagok faz\u00e9kban t\u00f6rt\u00e9n\u0151 t\u00e1nc\u00e1b\u00f3l egy \u00faj dolog sz\u00fcletik, ami ut\u00e1n azt\u00e1n j\u00f3\u00edz\u0171en megnyalhatjuk mind a t\u00edz ujjunkat.<\/span>[\/vc_column_text]<div style=\"background-color:; height: 20px;\" class=\"nicdark_section  \"><\/div>[vc_column_text]<span style=\"color: #ffffff;\">A Mandill\u00e1n\u00e1l \u00fagy gondoljuk, a f\u0151z\u00e9s nem mag\u00e1nyos tev\u00e9kenys\u00e9g, hanem lehet egy vid\u00e1m bar\u00e1ti program is. \u00c9ppen ez\u00e9rt l\u00e1tv\u00e1nykonyh\u00e1nkban rendszeresen szervez\u00fcnk olyan esem\u00e9nyeket, ahol s\u00e9f\u00fcnk seg\u00edts\u00e9g\u00e9vel vend\u00e9geink igazi mesterszak\u00e1csnak \u00e9rezhetik magukat, mik\u00f6zben csapatban, k\u00f6z\u00f6sen \u00e9lik \u00e1t a gasztron\u00f3mia teremt\u0151 \u00e9lm\u00e9ny\u00e9t. Arr\u00f3l pedig nem is besz\u00e9lve, hogy az elk\u00e9sz\u00fclt \u00e9telk\u00f6ltem\u00e9nyeket ezt k\u00f6vet\u0151en k\u00f6z\u00f6sen fogyaszthatj\u00e1k el a m\u00e1r j\u00f3l ismert mediterr\u00e1n k\u00f6rnyezetben a Mandill\u00e1n\u00e1l.<\/span>[\/vc_column_text]<div style=\"background-color:; height: 20px;\" class=\"nicdark_section  \"><\/div>[vc_column_text]<span style=\"color: #ffffff;\">F\u0151z\u0151iskol\u00e1nk tervezett id\u0151pontjait \u00e9s tematik\u00e1j\u00e1t hamarosan itt tal\u00e1lhatja.<span class=\"Apple-converted-space\">\u00a0<\/span>Friss inform\u00e1ci\u00f3k\u00e9rt k\u00f6vesse Facebook oldalunkat.<\/span>[\/vc_column_text]<div style=\"background-color:; height: 40px;\" class=\"nicdark_section  \"><\/div>[\/vc_column][vc_column parallax=&#8221;content-moving&#8221; parallax_image=&#8221;1937&#8243; width=&#8221;1\/2&#8243;][\/vc_column][\/vc_row][vc_row][vc_column width=&#8221;1\/3&#8243;]<div style=\"background-color:; height: 35px;\" class=\"nicdark_section  \"><\/div>\n    <div style=\"text-align:center;\" class=\"nd_options_section\">\n      <img decoding=\"async\" alt=\"\" style=\"width:70px;\" class=\" nd_options_margin_0 nd_options_padding_0 \" src=\"https:\/\/mandilla.hu\/wp-content\/uploads\/2017\/07\/icon-11-1.png\">\n    <\/div>\n   <div style=\"background-color:; height: 10px;\" class=\"nicdark_section  \"><\/div> <h4 style=\"color:; padding:px; text-align:center; font-size:px; line-height:px; letter-spacing: px; font-weight:lighter;\" class=\"    \">S\u00dcT\u00c9S &amp; F\u0150Z\u00c9S<\/h4> <div style=\"background-color:; height: 10px;\" class=\"nicdark_section  \"><\/div>[\/vc_column][vc_column width=&#8221;1\/3&#8243;]<div style=\"background-color:; height: 35px;\" class=\"nicdark_section  \"><\/div>\n    <div style=\"text-align:center;\" class=\"nd_options_section\">\n      <img decoding=\"async\" alt=\"\" style=\"width:70px;\" class=\" nd_options_margin_0 nd_options_padding_0 \" src=\"https:\/\/mandilla.hu\/wp-content\/uploads\/2017\/07\/icon-17.png\">\n    <\/div>\n   <div style=\"background-color:; height: 10px;\" class=\"nicdark_section  \"><\/div> <h4 style=\"color:; padding:px; text-align:center; font-size:px; line-height:px; letter-spacing: px; font-weight:lighter;\" class=\"    \">GOURMET<\/h4> <div style=\"background-color:; height: 10px;\" class=\"nicdark_section  \"><\/div>[\/vc_column][vc_column width=&#8221;1\/3&#8243;]<div style=\"background-color:; height: 35px;\" class=\"nicdark_section  \"><\/div>\n    <div style=\"text-align:center;\" class=\"nd_options_section\">\n      <img decoding=\"async\" alt=\"\" style=\"width:70px;\" class=\" nd_options_margin_0 nd_options_padding_0 \" src=\"https:\/\/mandilla.hu\/wp-content\/uploads\/2022\/04\/mandilla-csaladi-program.png\">\n    <\/div>\n   <div style=\"background-color:; height: 10px;\" class=\"nicdark_section  \"><\/div> <h4 style=\"color:; padding:px; text-align:center; font-size:px; line-height:px; letter-spacing: px; font-weight:lighter;\" class=\"    \">CSAL\u00c1DI PROGRAM<\/h4> <div style=\"background-color:; height: 10px;\" class=\"nicdark_section  \"><\/div>[\/vc_column][\/vc_row]<\/p>\n","protected":false},"excerpt":{"rendered":"<p>[vc_row][vc_column][vc_column_text] F\u0150Z\u0150ISKOLA [\/vc_column_text][vc_column_text]Mi a Mandill\u00e1n\u00e1l \u00e9lm\u00e9nyekben gondolkodunk akkor, amikor szolg\u00e1ltat\u00e1saink k\u00edn\u00e1lat\u00e1t \u00e1ll\u00edtjuk \u00f6ssze. Egy \u00ednycsiklandoz\u00f3 vacsora, egy minden ig\u00e9nyt kiel\u00e9g\u00edt\u0151 sz\u00e1ll\u00e1s sok-sok kellemes eml\u00e9ket hagyhat az emberben, de az igaz\u00e1n eml\u00e9kezetes pillanatokat a feledhetetlen \u00e9lm\u00e9nyek sz\u00fclik csak.\u00a0[\/vc_column_text][\/vc_column][\/vc_row][vc_row full_width=&#8221;stretch_row&#8221; equal_height=&#8221;yes&#8221; css=&#8221;.vc_custom_1651133911692{background-color: #75635a !important;}&#8221;][vc_column width=&#8221;1\/2&#8243;][vc_column_text]Mi tudn\u00e1 jobban \u00f6sszekov\u00e1csolni az embereket, mint egy k\u00f6z\u00f6s f\u0151z\u00e9s \u00e9lm\u00e9nye? Amikor nem [&hellip;]<\/p>\n","protected":false},"author":1,"featured_media":0,"parent":1898,"menu_order":0,"comment_status":"closed","ping_status":"closed","template":"","meta":{"inline_featured_image":false,"footnotes":""},"class_list":["post-1931","page","type-page","status-publish","hentry"],"_links":{"self":[{"href":"https:\/\/mandilla.hu\/index.php\/wp-json\/wp\/v2\/pages\/1931","targetHints":{"allow":["GET"]}}],"collection":[{"href":"https:\/\/mandilla.hu\/index.php\/wp-json\/wp\/v2\/pages"}],"about":[{"href":"https:\/\/mandilla.hu\/index.php\/wp-json\/wp\/v2\/types\/page"}],"author":[{"embeddable":true,"href":"https:\/\/mandilla.hu\/index.php\/wp-json\/wp\/v2\/users\/1"}],"replies":[{"embeddable":true,"href":"https:\/\/mandilla.hu\/index.php\/wp-json\/wp\/v2\/comments?post=1931"}],"version-history":[{"count":10,"href":"https:\/\/mandilla.hu\/index.php\/wp-json\/wp\/v2\/pages\/1931\/revisions"}],"predecessor-version":[{"id":1939,"href":"https:\/\/mandilla.hu\/index.php\/wp-json\/wp\/v2\/pages\/1931\/revisions\/1939"}],"up":[{"embeddable":true,"href":"https:\/\/mandilla.hu\/index.php\/wp-json\/wp\/v2\/pages\/1898"}],"wp:attachment":[{"href":"https:\/\/mandilla.hu\/index.php\/wp-json\/wp\/v2\/media?parent=1931"}],"curies":[{"name":"wp","href":"https:\/\/api.w.org\/{rel}","templated":true}]}}