{"id":2209,"date":"2022-06-14T15:06:56","date_gmt":"2022-06-14T15:06:56","guid":{"rendered":"https:\/\/mandilla.hu\/?page_id=2209"},"modified":"2024-06-05T09:43:04","modified_gmt":"2024-06-05T09:43:04","slug":"szoba-10","status":"publish","type":"page","link":"https:\/\/mandilla.hu\/index.php\/szobaink\/deluxe-szoba\/szoba-10\/","title":{"rendered":"Szoba 10"},"content":{"rendered":"<p>[vc_row][vc_column][vc_column_text]Pr\u00e9mium szob\u00e1ink t\u00e1gas terei \u00e9s cs\u00facsmin\u0151s\u00e9g\u0171 berendez\u00e9sei vend\u00e9geink ig\u00e9nyeinek marad\u00e9ktalan kiszolg\u00e1l\u00e1s\u00e1t szolg\u00e1lj\u00e1k. 20-22m2 alapter\u00fclet\u0171 szob\u00e1kban tal\u00e1lhat\u00f3 komfortos, sz\u00e9th\u00fazhat\u00f3 \u00e1gyak egyenk\u00e9nt 90\u00d7200 cm m\u00e9ret\u0171ek, 30 cm magas min\u0151s\u00e9gi rug\u00f3s matraccal. Minden szoba \u00e9p\u00edtett zuhanykabinnal, hajsz\u00e1r\u00edt\u00f3val, szobasz\u00e9ffel, modern LED TV-vel ell\u00e1tott \u00e9s l\u00e9gkond\u00edcion\u00e1lt. Pr\u00e9mium kateg\u00f3ri\u00e1j\u00fa szob\u00e1ink mindegyike p\u00f3t\u00e1gyazhat\u00f3. 2-2 pr\u00e9mium szob\u00e1nk pedig \u00f6sszenyithat\u00f3, k\u00e9nyelmes elhelyez\u00e9st biztos\u00edtva ez\u00e1ltal nagyobb csal\u00e1dok sz\u00e1m\u00e1ra is.[\/vc_column_text]<div style=\"background-color:; height: 30px;\" class=\"nicdark_section  \"><\/div>[vc_masonry_media_grid grid_id=&#8221;vc_gid:1717580577439-2b20d24f-9d15-1&#8243; include=&#8221;2169,2170,2171,2172,2173,2174,2175,2259&#8243; css=&#8221;.vc_custom_1655367000713{padding-top: 30px !important;}&#8221;]<div style=\"background-color:; height: 30px;\" class=\"nicdark_section  \"><\/div>[vc_btn title=&#8221;Foglal\u00e1s \/ Aj\u00e1nlatk\u00e9r\u00e9s&#8221; style=&#8221;custom&#8221; custom_background=&#8221;#808c70&#8243; custom_text=&#8221;#ffffff&#8221; shape=&#8221;square&#8221; size=&#8221;lg&#8221; align=&#8221;center&#8221; link=&#8221;url:https%3A%2F%2Fbook.mandilla.hu%2Ffoglalas%2Fkereses&#8221;]<div style=\"background-color:; height: 40px;\" class=\"nicdark_section  \"><\/div>[\/vc_column][\/vc_row]<\/p>\n","protected":false},"excerpt":{"rendered":"<p>[vc_row][vc_column][vc_column_text]Pr\u00e9mium szob\u00e1ink t\u00e1gas terei \u00e9s cs\u00facsmin\u0151s\u00e9g\u0171 berendez\u00e9sei vend\u00e9geink ig\u00e9nyeinek marad\u00e9ktalan kiszolg\u00e1l\u00e1s\u00e1t szolg\u00e1lj\u00e1k. 20-22m2 alapter\u00fclet\u0171 szob\u00e1kban tal\u00e1lhat\u00f3 komfortos, sz\u00e9th\u00fazhat\u00f3 \u00e1gyak egyenk\u00e9nt 90\u00d7200 cm m\u00e9ret\u0171ek, 30 cm magas min\u0151s\u00e9gi rug\u00f3s matraccal. Minden szoba \u00e9p\u00edtett zuhanykabinnal, hajsz\u00e1r\u00edt\u00f3val, szobasz\u00e9ffel, modern LED TV-vel ell\u00e1tott \u00e9s l\u00e9gkond\u00edcion\u00e1lt. Pr\u00e9mium kateg\u00f3ri\u00e1j\u00fa szob\u00e1ink mindegyike p\u00f3t\u00e1gyazhat\u00f3. 2-2 pr\u00e9mium szob\u00e1nk pedig \u00f6sszenyithat\u00f3, k\u00e9nyelmes elhelyez\u00e9st biztos\u00edtva ez\u00e1ltal [&hellip;]<\/p>\n","protected":false},"author":1,"featured_media":0,"parent":2462,"menu_order":0,"comment_status":"closed","ping_status":"closed","template":"","meta":{"inline_featured_image":false,"footnotes":""},"class_list":["post-2209","page","type-page","status-publish","hentry"],"_links":{"self":[{"href":"https:\/\/mandilla.hu\/index.php\/wp-json\/wp\/v2\/pages\/2209","targetHints":{"allow":["GET"]}}],"collection":[{"href":"https:\/\/mandilla.hu\/index.php\/wp-json\/wp\/v2\/pages"}],"about":[{"href":"https:\/\/mandilla.hu\/index.php\/wp-json\/wp\/v2\/types\/page"}],"author":[{"embeddable":true,"href":"https:\/\/mandilla.hu\/index.php\/wp-json\/wp\/v2\/users\/1"}],"replies":[{"embeddable":true,"href":"https:\/\/mandilla.hu\/index.php\/wp-json\/wp\/v2\/comments?post=2209"}],"version-history":[{"count":8,"href":"https:\/\/mandilla.hu\/index.php\/wp-json\/wp\/v2\/pages\/2209\/revisions"}],"predecessor-version":[{"id":4066,"href":"https:\/\/mandilla.hu\/index.php\/wp-json\/wp\/v2\/pages\/2209\/revisions\/4066"}],"up":[{"embeddable":true,"href":"https:\/\/mandilla.hu\/index.php\/wp-json\/wp\/v2\/pages\/2462"}],"wp:attachment":[{"href":"https:\/\/mandilla.hu\/index.php\/wp-json\/wp\/v2\/media?parent=2209"}],"curies":[{"name":"wp","href":"https:\/\/api.w.org\/{rel}","templated":true}]}}