{"id":3555,"date":"2023-09-19T11:56:59","date_gmt":"2023-09-19T11:56:59","guid":{"rendered":"https:\/\/mandilla.hu\/?page_id=3555"},"modified":"2024-05-22T13:51:54","modified_gmt":"2024-05-22T13:51:54","slug":"programok","status":"publish","type":"page","link":"https:\/\/mandilla.hu\/index.php\/elmenyek\/programok\/","title":{"rendered":"C\u00c9GES RENDEZV\u00c9NYEK"},"content":{"rendered":"<p>[vc_row][vc_column][\/vc_column][\/vc_row][vc_row][vc_column width=&#8221;1\/2&#8243; css=&#8221;.vc_custom_1699607751695{padding-top: 20px !important;padding-bottom: 20px !important;}&#8221;]\n\n\t<!--START FOCUS-->\n  \t<div class=\"nd_options_section nd_options_text_align_center nd_options_position_relative  \">\n\n\n  \t\t<img decoding=\"async\" alt=\"\" class=\"nd_options_transition_all_08_ease nd_options_section nd_options_border_radius_3 nd_options_box_shadow_0_7_20_000_015\" src=\"https:\/\/mandilla.hu\/wp-content\/uploads\/2023\/11\/mandilla-ceges-4-1024x603.jpg\">\n\n\n      <div class=\"nd_options_section nd_options_box_sizing_border_box nd_options_padding_20\">\n\n        <div class=\"nd_options_section nd_options_height_10\"><\/div>\n        <h2 class=\"\"><strong>C\u00e9ges rendezv\u00e9nyek<\/strong><\/h2>\n        <div class=\"nd_options_section nd_options_height_20\"><\/div>\n        <p><\/p>\n\n      <\/div>\n\n\n  \t<\/div>\n  \t<!--END FOCUS-->\n\t\n\n   [vc_column_text]<\/p>\n<p style=\"font-weight: 400;\"><strong><span style=\"color: #333333;\">A Mandilla ide\u00e1lis helysz\u00edn k\u00f6z\u00e9p \u00e9s fels\u0151vezet\u0151i tr\u00e9ningeknek, megbesz\u00e9l\u00e9seknek.<\/span><\/strong><\/p>\n<p>&nbsp;<\/p>\n<p style=\"font-weight: 400;\"><span style=\"color: #333333;\">Exkluz\u00edv k\u00f6rnyezetben, pr\u00e9mium szolg\u00e1ltat\u00e1sokkal, ig\u00e9ny szerint bork\u00f3stol\u00f3val egybek\u00f6t\u00f6tt gasztr\u00f3 \u00e9lm\u00e9nyt k\u00edn\u00e1lunk.<\/span><\/p>\n<p style=\"font-weight: 400;\"><span style=\"color: #333333;\">Ak\u00e1r csak egy vacsor\u00e1ra, vagy egy \u00e9jszak\u00e1ra szeretn\u00e9k kivenni, k\u00e9rje egyedi aj\u00e1nlatunkat. Mi mindent megtesz\u00fcnk, hogy felejthetetlen \u00e9lm\u00e9nyt ny\u00fajtsunk \u00d6n\u00f6knek.<\/span><\/p>\n<ul style=\"font-weight: 400;\">\n<li><span style=\"color: #333333;\">24 f\u0151 befogad\u00e1s\u00e1ra alkalmas 2-3 f\u0151s szob\u00e1kban<\/span><\/li>\n<li><span style=\"color: #333333;\">ell\u00e1t\u00e1s reggeli, eb\u00e9d, vacsora, bek\u00e9sz\u00edt\u00e9s<\/span><\/li>\n<li><span style=\"color: #333333;\">k\u00fcl\u00f6n terem<\/span><\/li>\n<li><span style=\"color: #333333;\">technikai eszk\u00f6z\u00f6k<\/span><\/li>\n<li><span style=\"color: #333333;\">sauna<\/span><\/li>\n<li><span style=\"color: #333333;\">mediterr\u00e1n gasztron\u00f3mia<\/span><\/li>\n<li><span style=\"color: #333333;\">ig\u00e9ny szerint borkostol\u00f3 szervez\u00e9se<\/span><\/li>\n<\/ul>\n<p>[\/vc_column_text]<div style=\"background-color:; height: 30px;\" class=\"nicdark_section  \"><\/div>\n\t<div class=\"nd_options_section nd_options_text_align_center\">\n\t<a style=\"border: px solid ; border-radius:px; letter-spacing:px; line-height:px; font-size:px; background-color:#645147; padding:10px; margin:; color:#ffffff;\" rel=\"\"  href=\"mailto: info@mandilla.hu\" class=\"nicdark_display_inline_block  nd_options_font_weight_normal  light--hover \">AJ\u00c1NLATK\u00c9R\u00c9S<\/a>\n\t<\/div>\n[\/vc_column][vc_column width=&#8221;1\/2&#8243; css=&#8221;.vc_custom_1699955346728{padding-top: 20px !important;padding-bottom: 20px !important;}&#8221;][\/vc_column][\/vc_row]<\/p>\n","protected":false},"excerpt":{"rendered":"<p>[vc_row][vc_column][\/vc_column][\/vc_row][vc_row][vc_column width=&#8221;1\/2&#8243; css=&#8221;.vc_custom_1699607751695{padding-top: 20px !important;padding-bottom: 20px !important;}&#8221;][vc_column_text] A Mandilla ide\u00e1lis helysz\u00edn k\u00f6z\u00e9p \u00e9s fels\u0151vezet\u0151i tr\u00e9ningeknek, megbesz\u00e9l\u00e9seknek. &nbsp; Exkluz\u00edv k\u00f6rnyezetben, pr\u00e9mium szolg\u00e1ltat\u00e1sokkal, ig\u00e9ny szerint bork\u00f3stol\u00f3val egybek\u00f6t\u00f6tt gasztr\u00f3 \u00e9lm\u00e9nyt k\u00edn\u00e1lunk. Ak\u00e1r csak egy vacsor\u00e1ra, vagy egy \u00e9jszak\u00e1ra szeretn\u00e9k kivenni, k\u00e9rje egyedi aj\u00e1nlatunkat. Mi mindent megtesz\u00fcnk, hogy felejthetetlen \u00e9lm\u00e9nyt ny\u00fajtsunk \u00d6n\u00f6knek. 24 f\u0151 befogad\u00e1s\u00e1ra alkalmas 2-3 f\u0151s szob\u00e1kban [&hellip;]<\/p>\n","protected":false},"author":1,"featured_media":0,"parent":1898,"menu_order":0,"comment_status":"closed","ping_status":"closed","template":"","meta":{"inline_featured_image":false,"footnotes":""},"class_list":["post-3555","page","type-page","status-publish","hentry"],"_links":{"self":[{"href":"https:\/\/mandilla.hu\/index.php\/wp-json\/wp\/v2\/pages\/3555","targetHints":{"allow":["GET"]}}],"collection":[{"href":"https:\/\/mandilla.hu\/index.php\/wp-json\/wp\/v2\/pages"}],"about":[{"href":"https:\/\/mandilla.hu\/index.php\/wp-json\/wp\/v2\/types\/page"}],"author":[{"embeddable":true,"href":"https:\/\/mandilla.hu\/index.php\/wp-json\/wp\/v2\/users\/1"}],"replies":[{"embeddable":true,"href":"https:\/\/mandilla.hu\/index.php\/wp-json\/wp\/v2\/comments?post=3555"}],"version-history":[{"count":64,"href":"https:\/\/mandilla.hu\/index.php\/wp-json\/wp\/v2\/pages\/3555\/revisions"}],"predecessor-version":[{"id":3926,"href":"https:\/\/mandilla.hu\/index.php\/wp-json\/wp\/v2\/pages\/3555\/revisions\/3926"}],"up":[{"embeddable":true,"href":"https:\/\/mandilla.hu\/index.php\/wp-json\/wp\/v2\/pages\/1898"}],"wp:attachment":[{"href":"https:\/\/mandilla.hu\/index.php\/wp-json\/wp\/v2\/media?parent=3555"}],"curies":[{"name":"wp","href":"https:\/\/api.w.org\/{rel}","templated":true}]}}