{"id":4406,"date":"2025-06-15T12:23:07","date_gmt":"2025-06-15T12:23:07","guid":{"rendered":"https:\/\/mandilla.hu\/?page_id=4406"},"modified":"2025-06-15T12:35:17","modified_gmt":"2025-06-15T12:35:17","slug":"piccola-casa","status":"publish","type":"page","link":"https:\/\/mandilla.hu\/index.php\/szobaink\/piccola-casa\/","title":{"rendered":"Piccola Casa"},"content":{"rendered":"<p>[vc_row][vc_column][vc_column_text]A Mandilla sz\u00e1ll\u00e1shely\u00fcnk\u00f6n el\u00e9rhet\u0151 a 38 n\u00e9gyzetm\u00e9teres, st\u00edlusos Piccola Casa szoba, amelynek k\u00fcl\u00f6nlegess\u00e9ge a saj\u00e1t, priv\u00e1t kert. A szoba min\u0151s\u00e9gi, ig\u00e9nyesen megv\u00e1lasztott berendez\u00e9ssel v\u00e1rja vend\u00e9geit, harmonikusan illeszkedve a Mandilla egyedi st\u00edlus\u00e1hoz. A maxim\u00e1lis k\u00e9nyelem \u00e9rdek\u00e9ben l\u00e9gkondicion\u00e1l\u00f3val is felszerelt. Ide\u00e1lis v\u00e1laszt\u00e1s azoknak, akik nyugodt pihen\u00e9sre v\u00e1gynak. Fontos megeml\u00edten\u00fcnk, hogy sz\u00e1ll\u00e1shely\u00fcnk\u00a0\u201eadults only\u201d azaz 14 \u00e9ves kor alatti gyermekeket nem tudunk fogadni \u00e9s sajnos h\u00e1zi\u00e1llatokat sem. \u00c9tterm\u00fcnkre term\u00e9szetesen ez nem vonatkozik. K\u00f6sz\u00f6nj\u00fck meg\u00e9rt\u00e9seteket![\/vc_column_text]<div style=\"background-color:; height: 30px;\" class=\"nicdark_section  \"><\/div>[vc_masonry_media_grid grid_id=&#8221;vc_gid:1749990188085-f2d8df3e-2855-10&#8243; include=&#8221;4412,4417,4414,4413,4407,4408,4409,4410,4411,4415,4416&#8243; css=&#8221;.vc_custom_1749990128607{padding-top: 30px !important;}&#8221;]<div style=\"background-color:; height: 30px;\" class=\"nicdark_section  \"><\/div>[vc_btn title=&#8221;Foglal\u00e1s \/ Aj\u00e1nlatk\u00e9r\u00e9s&#8221; style=&#8221;custom&#8221; custom_background=&#8221;#808c70&#8243; custom_text=&#8221;#ffffff&#8221; shape=&#8221;square&#8221; size=&#8221;lg&#8221; align=&#8221;center&#8221; link=&#8221;url:https%3A%2F%2Fbook.mandilla.hu%2Ffoglalas%2Fkereses&#8221;]<div style=\"background-color:; height: 40px;\" class=\"nicdark_section  \"><\/div>[\/vc_column][\/vc_row]<\/p>\n","protected":false},"excerpt":{"rendered":"<p>[vc_row][vc_column][vc_column_text]A Mandilla sz\u00e1ll\u00e1shely\u00fcnk\u00f6n el\u00e9rhet\u0151 a 38 n\u00e9gyzetm\u00e9teres, st\u00edlusos Piccola Casa szoba, amelynek k\u00fcl\u00f6nlegess\u00e9ge a saj\u00e1t, priv\u00e1t kert. A szoba min\u0151s\u00e9gi, ig\u00e9nyesen megv\u00e1lasztott berendez\u00e9ssel v\u00e1rja vend\u00e9geit, harmonikusan illeszkedve a Mandilla egyedi st\u00edlus\u00e1hoz. A maxim\u00e1lis k\u00e9nyelem \u00e9rdek\u00e9ben l\u00e9gkondicion\u00e1l\u00f3val is felszerelt. Ide\u00e1lis v\u00e1laszt\u00e1s azoknak, akik nyugodt pihen\u00e9sre v\u00e1gynak. Fontos megeml\u00edten\u00fcnk, hogy sz\u00e1ll\u00e1shely\u00fcnk\u00a0\u201eadults only\u201d azaz 14 \u00e9ves kor alatti [&hellip;]<\/p>\n","protected":false},"author":1,"featured_media":0,"parent":1708,"menu_order":0,"comment_status":"closed","ping_status":"closed","template":"","meta":{"inline_featured_image":false,"footnotes":""},"class_list":["post-4406","page","type-page","status-publish","hentry"],"_links":{"self":[{"href":"https:\/\/mandilla.hu\/index.php\/wp-json\/wp\/v2\/pages\/4406","targetHints":{"allow":["GET"]}}],"collection":[{"href":"https:\/\/mandilla.hu\/index.php\/wp-json\/wp\/v2\/pages"}],"about":[{"href":"https:\/\/mandilla.hu\/index.php\/wp-json\/wp\/v2\/types\/page"}],"author":[{"embeddable":true,"href":"https:\/\/mandilla.hu\/index.php\/wp-json\/wp\/v2\/users\/1"}],"replies":[{"embeddable":true,"href":"https:\/\/mandilla.hu\/index.php\/wp-json\/wp\/v2\/comments?post=4406"}],"version-history":[{"count":2,"href":"https:\/\/mandilla.hu\/index.php\/wp-json\/wp\/v2\/pages\/4406\/revisions"}],"predecessor-version":[{"id":4420,"href":"https:\/\/mandilla.hu\/index.php\/wp-json\/wp\/v2\/pages\/4406\/revisions\/4420"}],"up":[{"embeddable":true,"href":"https:\/\/mandilla.hu\/index.php\/wp-json\/wp\/v2\/pages\/1708"}],"wp:attachment":[{"href":"https:\/\/mandilla.hu\/index.php\/wp-json\/wp\/v2\/media?parent=4406"}],"curies":[{"name":"wp","href":"https:\/\/api.w.org\/{rel}","templated":true}]}}